{"id":108,"date":"2023-08-16T16:35:28","date_gmt":"2023-08-16T19:35:28","guid":{"rendered":"https:\/\/reproduccionasistida.udp.cl\/cms\/?page_id=108"},"modified":"2024-06-04T18:33:14","modified_gmt":"2024-06-04T21:33:14","slug":"cantidad-de-blastocistos-generados-y-probabilidad-de-tener-un-hijo-hija","status":"publish","type":"page","link":"https:\/\/reproduccionasistida.udp.cl\/pt\/cantidad-de-blastocistos-generados-y-probabilidad-de-tener-un-hijo-hija\/","title":{"rendered":"Rela\u00e7\u00e3o entre o n\u00famero de blastocistos gerados e a probabilidade de ter um filho\/filha"},"content":{"rendered":"<p>H\u00e1 uma rela\u00e7\u00e3o direta entre a capacidade de gerar um ou mais blastocistos e o aumento da probabilidade de ter um filho\/FILHA. Entretanto, h\u00e1 um limite para essa rela\u00e7\u00e3o direta.<\/p>","protected":false},"excerpt":{"rendered":"<p>H\u00e1 uma rela\u00e7\u00e3o direta entre a capacidade de gerar um ou mais blastocistos e o aumento da probabilidade de ter um filho\/FILHA. Entretanto, h\u00e1 um limite para essa rela\u00e7\u00e3o direta.<\/p>\n","protected":false},"author":1,"featured_media":1945,"parent":0,"menu_order":10,"comment_status":"closed","ping_status":"closed","template":"","meta":{"footnotes":""},"class_list":["post-108","page","type-page","status-publish","has-post-thumbnail","hentry"],"acf":[],"_links":{"self":[{"href":"https:\/\/reproduccionasistida.udp.cl\/pt\/wp-json\/wp\/v2\/pages\/108","targetHints":{"allow":["GET"]}}],"collection":[{"href":"https:\/\/reproduccionasistida.udp.cl\/pt\/wp-json\/wp\/v2\/pages"}],"about":[{"href":"https:\/\/reproduccionasistida.udp.cl\/pt\/wp-json\/wp\/v2\/types\/page"}],"author":[{"embeddable":true,"href":"https:\/\/reproduccionasistida.udp.cl\/pt\/wp-json\/wp\/v2\/users\/1"}],"replies":[{"embeddable":true,"href":"https:\/\/reproduccionasistida.udp.cl\/pt\/wp-json\/wp\/v2\/comments?post=108"}],"version-history":[{"count":30,"href":"https:\/\/reproduccionasistida.udp.cl\/pt\/wp-json\/wp\/v2\/pages\/108\/revisions"}],"predecessor-version":[{"id":2367,"href":"https:\/\/reproduccionasistida.udp.cl\/pt\/wp-json\/wp\/v2\/pages\/108\/revisions\/2367"}],"wp:featuredmedia":[{"embeddable":true,"href":"https:\/\/reproduccionasistida.udp.cl\/pt\/wp-json\/wp\/v2\/media\/1945"}],"wp:attachment":[{"href":"https:\/\/reproduccionasistida.udp.cl\/pt\/wp-json\/wp\/v2\/media?parent=108"}],"curies":[{"name":"wp","href":"https:\/\/api.w.org\/{rel}","templated":true}]}}