{"id":147,"date":"2023-08-17T09:57:37","date_gmt":"2023-08-17T09:57:37","guid":{"rendered":"https:\/\/reproduccionasistida.udp.cl\/cms\/?page_id=147"},"modified":"2024-01-23T18:27:57","modified_gmt":"2024-01-23T21:27:57","slug":"glosario-internacional-de-la-infertilidad-y-cuidados-de-la-fertilidad","status":"publish","type":"page","link":"https:\/\/reproduccionasistida.udp.cl\/pt\/glosario-internacional-de-la-infertilidad-y-cuidados-de-la-fertilidad\/","title":{"rendered":"GLOSS\u00c1RIO INTERNACIONAL DA INFERTILIDADE E CUIDADOS DA FERTILIDADE"},"content":{"rendered":"<p><span style=\"font-weight: 400;\">Este gloss\u00e1rio corresponde \u00e0 tradu\u00e7\u00e3o ao espanhol do Gloss\u00e1rio Internacional sobre Infertilidade e Cuidados com a Fertilidade, acordado e publicado em 2017 pelo <\/span><span style=\"font-weight: 400;\">International Committee for Monitoring Assisted Reproductive Technology <\/span><span style=\"font-weight: 400;\">\u00a0(ICMART) em conjunto com a maioria das organiza\u00e7\u00f5es internacionais respons\u00e1veis pelos cuidados com a fertilidade.<\/span><\/p>\n<p><span style=\"font-weight: 400;\">Este gloss\u00e1rio foi traduzido para o espanhol gra\u00e7as a um esfor\u00e7o especial da Sociedad Argentina de Medicina Reproductiva (SAMeR) e sua vers\u00e3o oficial pode ser encontrada em: JBRA Assisted Reproduction 2023;27(2):292-313 doi: 10.5935\/1518-0557.20230010<\/span><\/p>","protected":false},"excerpt":{"rendered":"<p>Este gloss\u00e1rio corresponde \u00e0 tradu\u00e7\u00e3o ao espanhol do Gloss\u00e1rio Internacional sobre Infertilidade e Cuidados com a Fertilidade, acordado e publicado em 2017 pelo International Committee for Monitoring Assisted Reproductive Technology \u00a0(ICMART) em conjunto com a maioria das organiza\u00e7\u00f5es internacionais respons\u00e1veis pelos cuidados com a fertilidade. Este gloss\u00e1rio foi traduzido para o espanhol gra\u00e7as a um [&hellip;]<\/p>\n","protected":false},"author":2,"featured_media":0,"parent":0,"menu_order":0,"comment_status":"closed","ping_status":"closed","template":"","meta":{"footnotes":""},"class_list":["post-147","page","type-page","status-publish","hentry"],"acf":[],"_links":{"self":[{"href":"https:\/\/reproduccionasistida.udp.cl\/pt\/wp-json\/wp\/v2\/pages\/147","targetHints":{"allow":["GET"]}}],"collection":[{"href":"https:\/\/reproduccionasistida.udp.cl\/pt\/wp-json\/wp\/v2\/pages"}],"about":[{"href":"https:\/\/reproduccionasistida.udp.cl\/pt\/wp-json\/wp\/v2\/types\/page"}],"author":[{"embeddable":true,"href":"https:\/\/reproduccionasistida.udp.cl\/pt\/wp-json\/wp\/v2\/users\/2"}],"replies":[{"embeddable":true,"href":"https:\/\/reproduccionasistida.udp.cl\/pt\/wp-json\/wp\/v2\/comments?post=147"}],"version-history":[{"count":6,"href":"https:\/\/reproduccionasistida.udp.cl\/pt\/wp-json\/wp\/v2\/pages\/147\/revisions"}],"predecessor-version":[{"id":2249,"href":"https:\/\/reproduccionasistida.udp.cl\/pt\/wp-json\/wp\/v2\/pages\/147\/revisions\/2249"}],"wp:attachment":[{"href":"https:\/\/reproduccionasistida.udp.cl\/pt\/wp-json\/wp\/v2\/media?parent=147"}],"curies":[{"name":"wp","href":"https:\/\/api.w.org\/{rel}","templated":true}]}}