{"id":1582,"date":"2023-08-29T07:13:55","date_gmt":"2023-08-29T07:13:55","guid":{"rendered":"https:\/\/reproduccionasistida.udp.cl\/cms\/centros-redlara\/panama\/ciudad-de-panama\/ivf-panama-centro-de-reproduccion-punta-pacifica-pty\/"},"modified":"2023-08-29T07:13:55","modified_gmt":"2023-08-29T07:13:55","slug":"ivf-panama-centro-de-reproduccion-punta-pacifica-pty","status":"publish","type":"page","link":"https:\/\/reproduccionasistida.udp.cl\/pt\/centros-redlara\/panama\/ciudad-de-panama\/ivf-panama-centro-de-reproduccion-punta-pacifica-pty\/","title":{"rendered":"IVF Panam\u00e1 Centro de reproducci\u00f3n Punta Pac\u00edfica (PTY)"},"content":{"rendered":"","protected":false},"excerpt":{"rendered":"","protected":false},"author":2,"featured_media":0,"parent":1578,"menu_order":0,"comment_status":"closed","ping_status":"closed","template":"","meta":{"footnotes":""},"class_list":["post-1582","page","type-page","status-publish","hentry"],"acf":[],"_links":{"self":[{"href":"https:\/\/reproduccionasistida.udp.cl\/pt\/wp-json\/wp\/v2\/pages\/1582","targetHints":{"allow":["GET"]}}],"collection":[{"href":"https:\/\/reproduccionasistida.udp.cl\/pt\/wp-json\/wp\/v2\/pages"}],"about":[{"href":"https:\/\/reproduccionasistida.udp.cl\/pt\/wp-json\/wp\/v2\/types\/page"}],"author":[{"embeddable":true,"href":"https:\/\/reproduccionasistida.udp.cl\/pt\/wp-json\/wp\/v2\/users\/2"}],"replies":[{"embeddable":true,"href":"https:\/\/reproduccionasistida.udp.cl\/pt\/wp-json\/wp\/v2\/comments?post=1582"}],"version-history":[{"count":0,"href":"https:\/\/reproduccionasistida.udp.cl\/pt\/wp-json\/wp\/v2\/pages\/1582\/revisions"}],"up":[{"embeddable":true,"href":"https:\/\/reproduccionasistida.udp.cl\/pt\/wp-json\/wp\/v2\/pages\/1578"}],"wp:attachment":[{"href":"https:\/\/reproduccionasistida.udp.cl\/pt\/wp-json\/wp\/v2\/media?parent=1582"}],"curies":[{"name":"wp","href":"https:\/\/api.w.org\/{rel}","templated":true}]}}