{"id":17,"date":"2023-08-10T07:54:44","date_gmt":"2023-08-10T07:54:44","guid":{"rendered":"https:\/\/reproduccionasistida.udp.cl\/cms\/?page_id=17"},"modified":"2024-06-04T18:25:23","modified_gmt":"2024-06-04T21:25:23","slug":"obtencion-de-gametos-para-los-procedimientos-de-reproduccion-asistida","status":"publish","type":"page","link":"https:\/\/reproduccionasistida.udp.cl\/pt\/obtencion-de-gametos-para-los-procedimientos-de-reproduccion-asistida\/","title":{"rendered":"Obten\u00e7\u00e3o de gametas para os procedimentos de reprodu\u00e7\u00e3o assistida"},"content":{"rendered":"<p>Para realizar um procedimento de reprodu\u00e7\u00e3o assistida, \u00e9 necess\u00e1rio remover\u00a0 os gametas (\u00f3vulos e espermatoz\u00f3ides) dos corpos da mulher e do homem. Os \u00f3vulos s\u00e3o removidos dos ov\u00e1rios em um procedimento chamado aspira\u00e7\u00e3o folicular. Os espermatoz\u00f3ides s\u00e3o extra\u00eddos do s\u00eamen, geralmente obtido por masturba\u00e7\u00e3o, mas tamb\u00e9m podem ser extra\u00eddos diretamente do test\u00edculo, por pun\u00e7\u00e3o direta ou por cirurgia.<\/p>\n<p>&nbsp;<\/p>","protected":false},"excerpt":{"rendered":"<p>Para realizar um procedimento de reprodu\u00e7\u00e3o assistida, \u00e9 necess\u00e1rio remover\u00a0 os gametas (\u00f3vulos e espermatoz\u00f3ides) dos corpos da mulher e do homem. Os \u00f3vulos s\u00e3o removidos dos ov\u00e1rios em um procedimento chamado aspira\u00e7\u00e3o folicular. Os espermatoz\u00f3ides s\u00e3o extra\u00eddos do s\u00eamen, geralmente obtido por masturba\u00e7\u00e3o, mas tamb\u00e9m podem ser extra\u00eddos diretamente do test\u00edculo, por pun\u00e7\u00e3o direta [&hellip;]<\/p>\n","protected":false},"author":2,"featured_media":1764,"parent":0,"menu_order":2,"comment_status":"closed","ping_status":"closed","template":"","meta":{"footnotes":""},"class_list":["post-17","page","type-page","status-publish","has-post-thumbnail","hentry"],"acf":[],"_links":{"self":[{"href":"https:\/\/reproduccionasistida.udp.cl\/pt\/wp-json\/wp\/v2\/pages\/17","targetHints":{"allow":["GET"]}}],"collection":[{"href":"https:\/\/reproduccionasistida.udp.cl\/pt\/wp-json\/wp\/v2\/pages"}],"about":[{"href":"https:\/\/reproduccionasistida.udp.cl\/pt\/wp-json\/wp\/v2\/types\/page"}],"author":[{"embeddable":true,"href":"https:\/\/reproduccionasistida.udp.cl\/pt\/wp-json\/wp\/v2\/users\/2"}],"replies":[{"embeddable":true,"href":"https:\/\/reproduccionasistida.udp.cl\/pt\/wp-json\/wp\/v2\/comments?post=17"}],"version-history":[{"count":32,"href":"https:\/\/reproduccionasistida.udp.cl\/pt\/wp-json\/wp\/v2\/pages\/17\/revisions"}],"predecessor-version":[{"id":2366,"href":"https:\/\/reproduccionasistida.udp.cl\/pt\/wp-json\/wp\/v2\/pages\/17\/revisions\/2366"}],"wp:featuredmedia":[{"embeddable":true,"href":"https:\/\/reproduccionasistida.udp.cl\/pt\/wp-json\/wp\/v2\/media\/1764"}],"wp:attachment":[{"href":"https:\/\/reproduccionasistida.udp.cl\/pt\/wp-json\/wp\/v2\/media?parent=17"}],"curies":[{"name":"wp","href":"https:\/\/api.w.org\/{rel}","templated":true}]}}