{"id":19,"date":"2023-08-10T07:55:24","date_gmt":"2023-08-10T07:55:24","guid":{"rendered":"https:\/\/reproduccionasistida.udp.cl\/cms\/?page_id=19"},"modified":"2024-06-04T17:37:15","modified_gmt":"2024-06-04T20:37:15","slug":"tipos-de-fecundacion-fiv-y-icsi","status":"publish","type":"page","link":"https:\/\/reproduccionasistida.udp.cl\/pt\/tipos-de-fecundacion-fiv-y-icsi\/","title":{"rendered":"Tipos de fecunda\u00e7\u00e3o: FIV e ICSI"},"content":{"rendered":"<p>A fertiliza\u00e7\u00e3o \u00e9 uma sequ\u00eancia de eventos biol\u00f3gicos que permite que o material gen\u00e9tico contido no espermatozoide seja incorporado ao interior do \u00f3vulo para constituir um novo indiv\u00edduo. Como pode ser visto na imagem \u00e0 direita, o chamado &#8220;zigoto&#8221; corresponde ao \u00f3vulo que agora cont\u00e9m dois pacotes de cromossomos, os fornecidos pela mulher e pelo homem.<\/p>","protected":false},"excerpt":{"rendered":"<p>A fertiliza\u00e7\u00e3o \u00e9 uma sequ\u00eancia de eventos biol\u00f3gicos que permite que o material gen\u00e9tico contido no espermatozoide seja incorporado ao interior do \u00f3vulo para constituir um novo indiv\u00edduo. Como pode ser visto na imagem \u00e0 direita, o chamado &#8220;zigoto&#8221; corresponde ao \u00f3vulo que agora cont\u00e9m dois pacotes de cromossomos, os fornecidos pela mulher e pelo [&hellip;]<\/p>\n","protected":false},"author":2,"featured_media":1821,"parent":0,"menu_order":3,"comment_status":"closed","ping_status":"closed","template":"","meta":{"footnotes":""},"class_list":["post-19","page","type-page","status-publish","has-post-thumbnail","hentry"],"acf":[],"_links":{"self":[{"href":"https:\/\/reproduccionasistida.udp.cl\/pt\/wp-json\/wp\/v2\/pages\/19","targetHints":{"allow":["GET"]}}],"collection":[{"href":"https:\/\/reproduccionasistida.udp.cl\/pt\/wp-json\/wp\/v2\/pages"}],"about":[{"href":"https:\/\/reproduccionasistida.udp.cl\/pt\/wp-json\/wp\/v2\/types\/page"}],"author":[{"embeddable":true,"href":"https:\/\/reproduccionasistida.udp.cl\/pt\/wp-json\/wp\/v2\/users\/2"}],"replies":[{"embeddable":true,"href":"https:\/\/reproduccionasistida.udp.cl\/pt\/wp-json\/wp\/v2\/comments?post=19"}],"version-history":[{"count":47,"href":"https:\/\/reproduccionasistida.udp.cl\/pt\/wp-json\/wp\/v2\/pages\/19\/revisions"}],"predecessor-version":[{"id":2345,"href":"https:\/\/reproduccionasistida.udp.cl\/pt\/wp-json\/wp\/v2\/pages\/19\/revisions\/2345"}],"wp:featuredmedia":[{"embeddable":true,"href":"https:\/\/reproduccionasistida.udp.cl\/pt\/wp-json\/wp\/v2\/media\/1821"}],"wp:attachment":[{"href":"https:\/\/reproduccionasistida.udp.cl\/pt\/wp-json\/wp\/v2\/media?parent=19"}],"curies":[{"name":"wp","href":"https:\/\/api.w.org\/{rel}","templated":true}]}}