{"id":21,"date":"2023-08-10T07:55:39","date_gmt":"2023-08-10T07:55:39","guid":{"rendered":"https:\/\/reproduccionasistida.udp.cl\/cms\/?page_id=21"},"modified":"2024-06-05T12:56:57","modified_gmt":"2024-06-05T15:56:57","slug":"desarrollo-embrionario-in-vitro","status":"publish","type":"page","link":"https:\/\/reproduccionasistida.udp.cl\/pt\/desarrollo-embrionario-in-vitro\/","title":{"rendered":"Desenvolvimento embrion\u00e1rio in vitro"},"content":{"rendered":"<p>Em condi\u00e7\u00f5es naturais, o encontro dos gametas masculino e feminino e a pr\u00f3pria fertiliza\u00e7\u00e3o ocorrem na trompa de Fal\u00f3pio. Conforme mostrado na figura 5, o embri\u00e3o viaja por 3 dias pela trompa at\u00e9 chegar \u00e0 cavidade uterina, onde eclode, ou seja, emerge da zona pel\u00facida ou da membrana que o recobre e, idealmente, implanta-se no quinto dia de desenvolvimento ou no sexto dia em um est\u00e1gio de desenvolvimento chamado blastocisto.<\/p>\n<p>&nbsp;<\/p>","protected":false},"excerpt":{"rendered":"<p>Em condi\u00e7\u00f5es naturais, o encontro dos gametas masculino e feminino e a pr\u00f3pria fertiliza\u00e7\u00e3o ocorrem na trompa de Fal\u00f3pio. Conforme mostrado na figura 5, o embri\u00e3o viaja por 3 dias pela trompa at\u00e9 chegar \u00e0 cavidade uterina, onde eclode, ou seja, emerge da zona pel\u00facida ou da membrana que o recobre e, idealmente, implanta-se no [&hellip;]<\/p>\n","protected":false},"author":2,"featured_media":1757,"parent":0,"menu_order":4,"comment_status":"closed","ping_status":"closed","template":"","meta":{"footnotes":""},"class_list":["post-21","page","type-page","status-publish","has-post-thumbnail","hentry"],"acf":[],"_links":{"self":[{"href":"https:\/\/reproduccionasistida.udp.cl\/pt\/wp-json\/wp\/v2\/pages\/21","targetHints":{"allow":["GET"]}}],"collection":[{"href":"https:\/\/reproduccionasistida.udp.cl\/pt\/wp-json\/wp\/v2\/pages"}],"about":[{"href":"https:\/\/reproduccionasistida.udp.cl\/pt\/wp-json\/wp\/v2\/types\/page"}],"author":[{"embeddable":true,"href":"https:\/\/reproduccionasistida.udp.cl\/pt\/wp-json\/wp\/v2\/users\/2"}],"replies":[{"embeddable":true,"href":"https:\/\/reproduccionasistida.udp.cl\/pt\/wp-json\/wp\/v2\/comments?post=21"}],"version-history":[{"count":57,"href":"https:\/\/reproduccionasistida.udp.cl\/pt\/wp-json\/wp\/v2\/pages\/21\/revisions"}],"predecessor-version":[{"id":2370,"href":"https:\/\/reproduccionasistida.udp.cl\/pt\/wp-json\/wp\/v2\/pages\/21\/revisions\/2370"}],"wp:featuredmedia":[{"embeddable":true,"href":"https:\/\/reproduccionasistida.udp.cl\/pt\/wp-json\/wp\/v2\/media\/1757"}],"wp:attachment":[{"href":"https:\/\/reproduccionasistida.udp.cl\/pt\/wp-json\/wp\/v2\/media?parent=21"}],"curies":[{"name":"wp","href":"https:\/\/api.w.org\/{rel}","templated":true}]}}