{"id":23,"date":"2023-08-10T07:55:52","date_gmt":"2023-08-10T07:55:52","guid":{"rendered":"https:\/\/reproduccionasistida.udp.cl\/cms\/?page_id=23"},"modified":"2024-06-04T17:46:41","modified_gmt":"2024-06-04T20:46:41","slug":"transferencia-embrionaria","status":"publish","type":"page","link":"https:\/\/reproduccionasistida.udp.cl\/pt\/transferencia-embrionaria\/","title":{"rendered":"Transfer\u00eancia embrion\u00e1ria"},"content":{"rendered":"<p>Esse \u00e9 o procedimento pelo qual o embri\u00e3o, idealmente no est\u00e1gio de blastocisto, \u00e9 transferido ou depositado no interior da cavidade uterina. Esse procedimento, como visto no v\u00eddeo, \u00e9 realizado com a introdu\u00e7\u00e3o de um cateter fino, que carrega o embri\u00e3o, atrav\u00e9s do colo do \u00fatero. Ele \u00e9 inserido na cavidade uterina e o embri\u00e3o \u00e9 deixado l\u00e1.<\/p>\n<p>&nbsp;<\/p>\n<p>&nbsp;<\/p>","protected":false},"excerpt":{"rendered":"<p>Esse \u00e9 o procedimento pelo qual o embri\u00e3o, idealmente no est\u00e1gio de blastocisto, \u00e9 transferido ou depositado no interior da cavidade uterina. Esse procedimento, como visto no v\u00eddeo, \u00e9 realizado com a introdu\u00e7\u00e3o de um cateter fino, que carrega o embri\u00e3o, atrav\u00e9s do colo do \u00fatero. Ele \u00e9 inserido na cavidade uterina e o embri\u00e3o [&hellip;]<\/p>\n","protected":false},"author":2,"featured_media":1763,"parent":0,"menu_order":5,"comment_status":"closed","ping_status":"closed","template":"","meta":{"footnotes":""},"class_list":["post-23","page","type-page","status-publish","has-post-thumbnail","hentry"],"acf":[],"_links":{"self":[{"href":"https:\/\/reproduccionasistida.udp.cl\/pt\/wp-json\/wp\/v2\/pages\/23","targetHints":{"allow":["GET"]}}],"collection":[{"href":"https:\/\/reproduccionasistida.udp.cl\/pt\/wp-json\/wp\/v2\/pages"}],"about":[{"href":"https:\/\/reproduccionasistida.udp.cl\/pt\/wp-json\/wp\/v2\/types\/page"}],"author":[{"embeddable":true,"href":"https:\/\/reproduccionasistida.udp.cl\/pt\/wp-json\/wp\/v2\/users\/2"}],"replies":[{"embeddable":true,"href":"https:\/\/reproduccionasistida.udp.cl\/pt\/wp-json\/wp\/v2\/comments?post=23"}],"version-history":[{"count":25,"href":"https:\/\/reproduccionasistida.udp.cl\/pt\/wp-json\/wp\/v2\/pages\/23\/revisions"}],"predecessor-version":[{"id":2349,"href":"https:\/\/reproduccionasistida.udp.cl\/pt\/wp-json\/wp\/v2\/pages\/23\/revisions\/2349"}],"wp:featuredmedia":[{"embeddable":true,"href":"https:\/\/reproduccionasistida.udp.cl\/pt\/wp-json\/wp\/v2\/media\/1763"}],"wp:attachment":[{"href":"https:\/\/reproduccionasistida.udp.cl\/pt\/wp-json\/wp\/v2\/media?parent=23"}],"curies":[{"name":"wp","href":"https:\/\/api.w.org\/{rel}","templated":true}]}}