{"id":25,"date":"2023-08-10T08:05:11","date_gmt":"2023-08-10T08:05:11","guid":{"rendered":"https:\/\/reproduccionasistida.udp.cl\/cms\/?page_id=25"},"modified":"2024-06-04T17:50:56","modified_gmt":"2024-06-04T20:50:56","slug":"sobrevida-embrionaria","status":"publish","type":"page","link":"https:\/\/reproduccionasistida.udp.cl\/pt\/sobrevida-embrionaria\/","title":{"rendered":"Sobreviv\u00eancia embrion\u00e1ria"},"content":{"rendered":"<p>O \u00f3vulo humano \u00e9 fertilizado na trompa de Fal\u00f3pio e de l\u00e1 viaja em dire\u00e7\u00e3o ao \u00fatero, multiplicando suas c\u00e9lulas. Ele chega ao \u00fatero no terceiro dia de desenvolvimento e se implanta no \u00fatero no quinto ou sexto dia, no est\u00e1gio de blastocisto. Aproximadamente metade dos \u00f3vulos fertilizados espontaneamente na trompa morre antes de atingir o est\u00e1gio de blastocisto. Reproduzir isso em laborat\u00f3rio \u00e9 um objetivo fundamental da reprodu\u00e7\u00e3o assistida.<\/p>","protected":false},"excerpt":{"rendered":"<p>O \u00f3vulo humano \u00e9 fertilizado na trompa de Fal\u00f3pio e de l\u00e1 viaja em dire\u00e7\u00e3o ao \u00fatero, multiplicando suas c\u00e9lulas. Ele chega ao \u00fatero no terceiro dia de desenvolvimento e se implanta no \u00fatero no quinto ou sexto dia, no est\u00e1gio de blastocisto. Aproximadamente metade dos \u00f3vulos fertilizados espontaneamente na trompa morre antes de atingir [&hellip;]<\/p>\n","protected":false},"author":2,"featured_media":1780,"parent":0,"menu_order":6,"comment_status":"closed","ping_status":"closed","template":"","meta":{"footnotes":""},"class_list":["post-25","page","type-page","status-publish","has-post-thumbnail","hentry"],"acf":[],"_links":{"self":[{"href":"https:\/\/reproduccionasistida.udp.cl\/pt\/wp-json\/wp\/v2\/pages\/25","targetHints":{"allow":["GET"]}}],"collection":[{"href":"https:\/\/reproduccionasistida.udp.cl\/pt\/wp-json\/wp\/v2\/pages"}],"about":[{"href":"https:\/\/reproduccionasistida.udp.cl\/pt\/wp-json\/wp\/v2\/types\/page"}],"author":[{"embeddable":true,"href":"https:\/\/reproduccionasistida.udp.cl\/pt\/wp-json\/wp\/v2\/users\/2"}],"replies":[{"embeddable":true,"href":"https:\/\/reproduccionasistida.udp.cl\/pt\/wp-json\/wp\/v2\/comments?post=25"}],"version-history":[{"count":35,"href":"https:\/\/reproduccionasistida.udp.cl\/pt\/wp-json\/wp\/v2\/pages\/25\/revisions"}],"predecessor-version":[{"id":2352,"href":"https:\/\/reproduccionasistida.udp.cl\/pt\/wp-json\/wp\/v2\/pages\/25\/revisions\/2352"}],"wp:featuredmedia":[{"embeddable":true,"href":"https:\/\/reproduccionasistida.udp.cl\/pt\/wp-json\/wp\/v2\/media\/1780"}],"wp:attachment":[{"href":"https:\/\/reproduccionasistida.udp.cl\/pt\/wp-json\/wp\/v2\/media?parent=25"}],"curies":[{"name":"wp","href":"https:\/\/api.w.org\/{rel}","templated":true}]}}