{"id":28,"date":"2023-08-10T08:05:25","date_gmt":"2023-08-10T08:05:25","guid":{"rendered":"https:\/\/reproduccionasistida.udp.cl\/cms\/?page_id=28"},"modified":"2024-06-05T13:08:06","modified_gmt":"2024-06-05T16:08:06","slug":"congelacion-de-embriones","status":"publish","type":"page","link":"https:\/\/reproduccionasistida.udp.cl\/pt\/congelacion-de-embriones\/","title":{"rendered":"Congelamento de embri\u00f5es"},"content":{"rendered":"<p>A tecnologia de criopreserva\u00e7\u00e3o\/congelamento de embri\u00f5es mudou e melhorou muito nos \u00faltimos 30 anos. A tecnologia usada atualmente \u00e9 chamada de vitrifica\u00e7\u00e3o; como o nome sugere, ela busca congelar a temperaturas muito baixas (menos 196\u00b0C), o que interrompe os processos biol\u00f3gicos muito rapidamente, mas mant\u00e9m as propriedades celulares. Assim, o tecido congelado, nesse caso o embri\u00e3o, pode permanecer inalterado, mantendo suas propriedades quando descongelado, por dezenas de anos.<\/p>","protected":false},"excerpt":{"rendered":"<p>A tecnologia de criopreserva\u00e7\u00e3o\/congelamento de embri\u00f5es mudou e melhorou muito nos \u00faltimos 30 anos. A tecnologia usada atualmente \u00e9 chamada de vitrifica\u00e7\u00e3o; como o nome sugere, ela busca congelar a temperaturas muito baixas (menos 196\u00b0C), o que interrompe os processos biol\u00f3gicos muito rapidamente, mas mant\u00e9m as propriedades celulares. Assim, o tecido congelado, nesse caso o [&hellip;]<\/p>\n","protected":false},"author":2,"featured_media":1771,"parent":0,"menu_order":7,"comment_status":"closed","ping_status":"closed","template":"","meta":{"footnotes":""},"class_list":["post-28","page","type-page","status-publish","has-post-thumbnail","hentry"],"acf":[],"_links":{"self":[{"href":"https:\/\/reproduccionasistida.udp.cl\/pt\/wp-json\/wp\/v2\/pages\/28","targetHints":{"allow":["GET"]}}],"collection":[{"href":"https:\/\/reproduccionasistida.udp.cl\/pt\/wp-json\/wp\/v2\/pages"}],"about":[{"href":"https:\/\/reproduccionasistida.udp.cl\/pt\/wp-json\/wp\/v2\/types\/page"}],"author":[{"embeddable":true,"href":"https:\/\/reproduccionasistida.udp.cl\/pt\/wp-json\/wp\/v2\/users\/2"}],"replies":[{"embeddable":true,"href":"https:\/\/reproduccionasistida.udp.cl\/pt\/wp-json\/wp\/v2\/comments?post=28"}],"version-history":[{"count":50,"href":"https:\/\/reproduccionasistida.udp.cl\/pt\/wp-json\/wp\/v2\/pages\/28\/revisions"}],"predecessor-version":[{"id":2371,"href":"https:\/\/reproduccionasistida.udp.cl\/pt\/wp-json\/wp\/v2\/pages\/28\/revisions\/2371"}],"wp:featuredmedia":[{"embeddable":true,"href":"https:\/\/reproduccionasistida.udp.cl\/pt\/wp-json\/wp\/v2\/media\/1771"}],"wp:attachment":[{"href":"https:\/\/reproduccionasistida.udp.cl\/pt\/wp-json\/wp\/v2\/media?parent=28"}],"curies":[{"name":"wp","href":"https:\/\/api.w.org\/{rel}","templated":true}]}}