{"id":30,"date":"2023-08-10T08:05:37","date_gmt":"2023-08-10T08:05:37","guid":{"rendered":"https:\/\/reproduccionasistida.udp.cl\/cms\/?page_id=30"},"modified":"2024-06-03T13:53:00","modified_gmt":"2024-06-03T16:53:00","slug":"partos-multiples","status":"publish","type":"page","link":"https:\/\/reproduccionasistida.udp.cl\/pt\/partos-multiples\/","title":{"rendered":"Gesta\u00e7\u00f5es m\u00faltiplas"},"content":{"rendered":"<p>A tend\u00eancia global \u00e9 evitar o nascimento de g\u00eameos e trig\u00eameos ou mais. Isso se deve ao aumento significativo da mortalidade perinatal e aos riscos \u00e0 sa\u00fade dos nascimentos prematuros, especialmente os nascimentos prematuros extremos (menos de 32 semanas). No cap\u00edtulo &#8220;Exerc\u00edcios sobre a probabilidade de parto de acordo com a idade da mulher&#8221;, voc\u00ea pode ver o impacto em rela\u00e7\u00e3o \u00e0 chance de gravidez e o risco de gesta\u00e7\u00e3o m\u00faltipla ao transferir 1, 2 ou 3 embri\u00f5es.<\/p>","protected":false},"excerpt":{"rendered":"<p>A tend\u00eancia global \u00e9 evitar o nascimento de g\u00eameos e trig\u00eameos ou mais. Isso se deve ao aumento significativo da mortalidade perinatal e aos riscos \u00e0 sa\u00fade dos nascimentos prematuros, especialmente os nascimentos prematuros extremos (menos de 32 semanas). No cap\u00edtulo &#8220;Exerc\u00edcios sobre a probabilidade de parto de acordo com a idade da mulher&#8221;, voc\u00ea [&hellip;]<\/p>\n","protected":false},"author":2,"featured_media":1760,"parent":0,"menu_order":8,"comment_status":"closed","ping_status":"closed","template":"","meta":{"footnotes":""},"class_list":["post-30","page","type-page","status-publish","has-post-thumbnail","hentry"],"acf":[],"_links":{"self":[{"href":"https:\/\/reproduccionasistida.udp.cl\/pt\/wp-json\/wp\/v2\/pages\/30","targetHints":{"allow":["GET"]}}],"collection":[{"href":"https:\/\/reproduccionasistida.udp.cl\/pt\/wp-json\/wp\/v2\/pages"}],"about":[{"href":"https:\/\/reproduccionasistida.udp.cl\/pt\/wp-json\/wp\/v2\/types\/page"}],"author":[{"embeddable":true,"href":"https:\/\/reproduccionasistida.udp.cl\/pt\/wp-json\/wp\/v2\/users\/2"}],"replies":[{"embeddable":true,"href":"https:\/\/reproduccionasistida.udp.cl\/pt\/wp-json\/wp\/v2\/comments?post=30"}],"version-history":[{"count":23,"href":"https:\/\/reproduccionasistida.udp.cl\/pt\/wp-json\/wp\/v2\/pages\/30\/revisions"}],"predecessor-version":[{"id":2323,"href":"https:\/\/reproduccionasistida.udp.cl\/pt\/wp-json\/wp\/v2\/pages\/30\/revisions\/2323"}],"wp:featuredmedia":[{"embeddable":true,"href":"https:\/\/reproduccionasistida.udp.cl\/pt\/wp-json\/wp\/v2\/media\/1760"}],"wp:attachment":[{"href":"https:\/\/reproduccionasistida.udp.cl\/pt\/wp-json\/wp\/v2\/media?parent=30"}],"curies":[{"name":"wp","href":"https:\/\/api.w.org\/{rel}","templated":true}]}}