{"id":32,"date":"2023-08-10T08:05:58","date_gmt":"2023-08-10T08:05:58","guid":{"rendered":"https:\/\/reproduccionasistida.udp.cl\/cms\/?page_id=32"},"modified":"2024-07-04T17:07:41","modified_gmt":"2024-07-04T20:07:41","slug":"relacion-entre-cantidad-de-ovulos-y-probabilidad-de-embarazo","status":"publish","type":"page","link":"https:\/\/reproduccionasistida.udp.cl\/pt\/relacion-entre-cantidad-de-ovulos-y-probabilidad-de-embarazo\/","title":{"rendered":"Rela\u00e7\u00e3o entre quantidade de \u00f3vulos e probabilidade de ter um filho\/filha"},"content":{"rendered":"<p>Como pode ser visto neste cap\u00edtulo, independentemente da idade da mulher, o n\u00famero de \u00f3vulos gerados influencia a probabilidade cumulativa de gravidez.<\/p>","protected":false},"excerpt":{"rendered":"<p>Como pode ser visto neste cap\u00edtulo, independentemente da idade da mulher, o n\u00famero de \u00f3vulos gerados influencia a probabilidade cumulativa de gravidez.<\/p>\n","protected":false},"author":2,"featured_media":1754,"parent":0,"menu_order":9,"comment_status":"closed","ping_status":"closed","template":"","meta":{"footnotes":""},"class_list":["post-32","page","type-page","status-publish","has-post-thumbnail","hentry"],"acf":[],"_links":{"self":[{"href":"https:\/\/reproduccionasistida.udp.cl\/pt\/wp-json\/wp\/v2\/pages\/32","targetHints":{"allow":["GET"]}}],"collection":[{"href":"https:\/\/reproduccionasistida.udp.cl\/pt\/wp-json\/wp\/v2\/pages"}],"about":[{"href":"https:\/\/reproduccionasistida.udp.cl\/pt\/wp-json\/wp\/v2\/types\/page"}],"author":[{"embeddable":true,"href":"https:\/\/reproduccionasistida.udp.cl\/pt\/wp-json\/wp\/v2\/users\/2"}],"replies":[{"embeddable":true,"href":"https:\/\/reproduccionasistida.udp.cl\/pt\/wp-json\/wp\/v2\/comments?post=32"}],"version-history":[{"count":27,"href":"https:\/\/reproduccionasistida.udp.cl\/pt\/wp-json\/wp\/v2\/pages\/32\/revisions"}],"predecessor-version":[{"id":2377,"href":"https:\/\/reproduccionasistida.udp.cl\/pt\/wp-json\/wp\/v2\/pages\/32\/revisions\/2377"}],"wp:featuredmedia":[{"embeddable":true,"href":"https:\/\/reproduccionasistida.udp.cl\/pt\/wp-json\/wp\/v2\/media\/1754"}],"wp:attachment":[{"href":"https:\/\/reproduccionasistida.udp.cl\/pt\/wp-json\/wp\/v2\/media?parent=32"}],"curies":[{"name":"wp","href":"https:\/\/api.w.org\/{rel}","templated":true}]}}