{"id":36,"date":"2023-08-10T08:06:44","date_gmt":"2023-08-10T08:06:44","guid":{"rendered":"https:\/\/reproduccionasistida.udp.cl\/cms\/?page_id=36"},"modified":"2024-06-04T18:08:25","modified_gmt":"2024-06-04T21:08:25","slug":"diagnostico-genetico-pre-implantacion-y-salud-del-recien-nacido","status":"publish","type":"page","link":"https:\/\/reproduccionasistida.udp.cl\/pt\/diagnostico-genetico-pre-implantacion-y-salud-del-recien-nacido\/","title":{"rendered":"Diagn\u00f3stico gen\u00e9tico pr\u00e9-implantacional e sa\u00fade do rec\u00e9m-nascido"},"content":{"rendered":"<p>O Diagn\u00f3stico Gen\u00e9tico Pr\u00e9-implantacional (PGT) permite, por meio de um microsc\u00f3pio especial, extrair uma ou mais c\u00e9lulas do embri\u00e3o no est\u00e1gio de blastocisto e realizar estudos cromoss\u00f4micos e gen\u00e9ticos para identificar erros, seja no n\u00famero de cromossomos que levam a doen\u00e7as como a S\u00edndrome de Down ou outras que causam a morte embrion\u00e1ria.<\/p>","protected":false},"excerpt":{"rendered":"<p>O Diagn\u00f3stico Gen\u00e9tico Pr\u00e9-implantacional (PGT) permite, por meio de um microsc\u00f3pio especial, extrair uma ou mais c\u00e9lulas do embri\u00e3o no est\u00e1gio de blastocisto e realizar estudos cromoss\u00f4micos e gen\u00e9ticos para identificar erros, seja no n\u00famero de cromossomos que levam a doen\u00e7as como a S\u00edndrome de Down ou outras que causam a morte embrion\u00e1ria.<\/p>\n","protected":false},"author":2,"featured_media":1761,"parent":0,"menu_order":12,"comment_status":"closed","ping_status":"closed","template":"","meta":{"footnotes":""},"class_list":["post-36","page","type-page","status-publish","has-post-thumbnail","hentry"],"acf":[],"_links":{"self":[{"href":"https:\/\/reproduccionasistida.udp.cl\/pt\/wp-json\/wp\/v2\/pages\/36","targetHints":{"allow":["GET"]}}],"collection":[{"href":"https:\/\/reproduccionasistida.udp.cl\/pt\/wp-json\/wp\/v2\/pages"}],"about":[{"href":"https:\/\/reproduccionasistida.udp.cl\/pt\/wp-json\/wp\/v2\/types\/page"}],"author":[{"embeddable":true,"href":"https:\/\/reproduccionasistida.udp.cl\/pt\/wp-json\/wp\/v2\/users\/2"}],"replies":[{"embeddable":true,"href":"https:\/\/reproduccionasistida.udp.cl\/pt\/wp-json\/wp\/v2\/comments?post=36"}],"version-history":[{"count":44,"href":"https:\/\/reproduccionasistida.udp.cl\/pt\/wp-json\/wp\/v2\/pages\/36\/revisions"}],"predecessor-version":[{"id":2360,"href":"https:\/\/reproduccionasistida.udp.cl\/pt\/wp-json\/wp\/v2\/pages\/36\/revisions\/2360"}],"wp:featuredmedia":[{"embeddable":true,"href":"https:\/\/reproduccionasistida.udp.cl\/pt\/wp-json\/wp\/v2\/media\/1761"}],"wp:attachment":[{"href":"https:\/\/reproduccionasistida.udp.cl\/pt\/wp-json\/wp\/v2\/media?parent=36"}],"curies":[{"name":"wp","href":"https:\/\/api.w.org\/{rel}","templated":true}]}}