{"id":8,"date":"2023-08-09T15:07:37","date_gmt":"2023-08-09T15:07:37","guid":{"rendered":"https:\/\/reproduccionasistida.udp.cl\/cms\/?page_id=8"},"modified":"2024-06-05T12:48:39","modified_gmt":"2024-06-05T15:48:39","slug":"presentacion-de-la-guia","status":"publish","type":"page","link":"https:\/\/reproduccionasistida.udp.cl\/pt\/presentacion-de-la-guia\/","title":{"rendered":"Apresenta\u00e7\u00e3o da guia"},"content":{"rendered":"<p>Esta guia \u00e9 o resultado de um projeto colaborativo entre a Red Latinoamericana de Reproducci\u00f3n Asistida (REDLARA) e a Universidad Diego Portales, Chile (UDP).<\/p>\n<p>Essa plataforma virtual tem o objetivo de fornecer aos profissionais e \u00e0s pessoas inf\u00e9rteis ou com problemas reprodutivos, que est\u00e3o no processo de realizar algumas das tecnologias de reprodu\u00e7\u00e3o assistida (TRA), informa\u00e7\u00f5es cientificamente validadas que possam orient\u00e1-los na tomada de decis\u00f5es terap\u00eauticas.<\/p>","protected":false},"excerpt":{"rendered":"<p>Esta guia \u00e9 o resultado de um projeto colaborativo entre a Red Latinoamericana de Reproducci\u00f3n Asistida (REDLARA) e a Universidad Diego Portales, Chile (UDP). Essa plataforma virtual tem o objetivo de fornecer aos profissionais e \u00e0s pessoas inf\u00e9rteis ou com problemas reprodutivos, que est\u00e3o no processo de realizar algumas das tecnologias de reprodu\u00e7\u00e3o assistida (TRA), [&hellip;]<\/p>\n","protected":false},"author":1,"featured_media":1946,"parent":0,"menu_order":1,"comment_status":"closed","ping_status":"closed","template":"","meta":{"footnotes":""},"class_list":["post-8","page","type-page","status-publish","has-post-thumbnail","hentry"],"acf":[],"_links":{"self":[{"href":"https:\/\/reproduccionasistida.udp.cl\/pt\/wp-json\/wp\/v2\/pages\/8","targetHints":{"allow":["GET"]}}],"collection":[{"href":"https:\/\/reproduccionasistida.udp.cl\/pt\/wp-json\/wp\/v2\/pages"}],"about":[{"href":"https:\/\/reproduccionasistida.udp.cl\/pt\/wp-json\/wp\/v2\/types\/page"}],"author":[{"embeddable":true,"href":"https:\/\/reproduccionasistida.udp.cl\/pt\/wp-json\/wp\/v2\/users\/1"}],"replies":[{"embeddable":true,"href":"https:\/\/reproduccionasistida.udp.cl\/pt\/wp-json\/wp\/v2\/comments?post=8"}],"version-history":[{"count":62,"href":"https:\/\/reproduccionasistida.udp.cl\/pt\/wp-json\/wp\/v2\/pages\/8\/revisions"}],"predecessor-version":[{"id":2369,"href":"https:\/\/reproduccionasistida.udp.cl\/pt\/wp-json\/wp\/v2\/pages\/8\/revisions\/2369"}],"wp:featuredmedia":[{"embeddable":true,"href":"https:\/\/reproduccionasistida.udp.cl\/pt\/wp-json\/wp\/v2\/media\/1946"}],"wp:attachment":[{"href":"https:\/\/reproduccionasistida.udp.cl\/pt\/wp-json\/wp\/v2\/media?parent=8"}],"curies":[{"name":"wp","href":"https:\/\/api.w.org\/{rel}","templated":true}]}}